{"id":868,"date":"2020-02-17T21:46:55","date_gmt":"2020-02-17T21:46:55","guid":{"rendered":"https:\/\/www.krypto-kids.de\/?page_id=868"},"modified":"2021-05-14T14:47:01","modified_gmt":"2021-05-14T14:47:01","slug":"impressum","status":"publish","type":"page","link":"https:\/\/krypto-kids.de\/fr\/impressum\/","title":{"rendered":"Impressum"},"content":{"rendered":"\n\n\n<div class=\"moduleHeader contentBlock kleineVersion\">\n\n        <div class=\"container h-100\">\n        <div class=\"row align-items-center h-100 \">\n            <div class=\"col-12 col-sm-7 col-md-5\">\n                <h1>Impressum<\/h1>\n                <h2 class=\" \"><\/h2>\n\n                            <\/div>\n\n\n                            <div class=\"col-12 col-sm-5 col-md-5 offset-md-1 text-center h-100 d-none d-sm-block\">\n\n                    <div class=\"row align-content-end h-100\">\n                        <div class=\"col-12\">\n                            <img decoding=\"async\" data-src=\"https:\/\/krypto-kids.de\/wp-content\/uploads\/2020\/02\/dieKryptoKids-900x690.png\" src=\"\" class=\"lazy img-fluid\"\/>\n\n                        <\/div>\n                    <\/div>\n\n\n                <\/div>\n\n            \n        <\/div>\n    <\/div>\n<\/div>\n<\/div>\n\n\n\n\n\n<div class=\"moduleBildText contentBlock\n\n\npt-9 pt-md-10 pt-lg-11 bg-white \n\" id=\"block_5e4c347012582\" data-appear-top-offset=\"300\"\n\n    \n>\n\n\n\n\n<div class=\"container\">\n\n    <div class=\"row align-items-center\">\n\n        <div class=\"col-12 col-sm-9 col-md-9 col-lg-8\">\n            <div class=\"pr-5\">\n                <h4>Impressum<\/h4>\n                <h3>Indications conform\u00e9ment au \u00a7 5 du TMG<\/h3>\n                <p><strong>Exploitant et contact :<\/strong><br \/>\nComputerProjekt K\u00f6ln e.V. en tant que<br \/>\nFachstelle f\u00fcr Jugendmedienkultur NRW<br \/>\nVitalisstr. 383 a<br \/>\n50933 Cologne<\/p>\n<p>Num\u00e9ro de t\u00e9l\u00e9phone\u00a0: 0221 \/ 677 741\u00a0920<br \/>\nCourriel\u00a0:\u00a0<a href=\"mailto:info@fjmk.de\">info@fjmk.de<\/a><\/p>\n<p><strong>Repr\u00e9sentant :<\/strong><br \/>\nComputerProjekt K\u00f6ln e.V.<br \/>\nVitalisstr. 383 a<br \/>\n50933 Cologne<\/p>\n<p><strong>Comit\u00e9 :<\/strong><br \/>\nTobias Kempf<br \/>\nHorst Pohlmann<\/p>\n<p><strong>Registre des associations :<br \/>\n<\/strong>Amtsgericht K\u00f6ln sous le num\u00e9ro d&#8217;enregistrement VR 14650<\/p>\n<p><strong>Responsable du contenu journalistique et r\u00e9dactionnel conform\u00e9ment au \u00a7 55 II du RstV :<\/strong><br \/>\nMarkus Sindermann<\/p>\n<p>ComputerProjekt K\u00f6ln n&#8217;assume aucune responsabilit\u00e9 et ne donne aucune garantie quant \u00e0 l&#8217;actualit\u00e9, l&#8217;exactitude et l&#8217;exhaustivit\u00e9 des informations et contenus fournis sur les plateformes num\u00e9riques qui renvoient directement ou indirectement (\u00ab\u00a0liens\u00a0\u00bb) vers ce site internet. ComputerProjekt K\u00f6ln n&#8217;est pas non plus responsable du contenu des sites web accessibles par de tels liens.<\/p>\n<p>ComputerProjekt K\u00f6ln se r\u00e9serve le droit de modifier ou de compl\u00e9ter sans pr\u00e9avis les informations fournies ici.<\/p>\n<p>ComputerProjekt K\u00f6ln n&#8217;est pas responsable des dommages directs ou indirects, y compris manque \u00e0 gagner, qui se produisent en raison des informations fournies sur ce site internet ou en relation avec ces informations.<\/p>\n            <\/div>\n\n\n        <\/div>\n\n    <\/div>\n\n<\/div>\n<\/div>\n\n","protected":false},"excerpt":{"rendered":"","protected":false},"author":7,"featured_media":0,"parent":0,"menu_order":0,"comment_status":"closed","ping_status":"closed","template":"","meta":{"_acf_changed":false,"footnotes":""},"class_list":["post-868","page","type-page","status-publish","hentry"],"acf":[],"yoast_head":"<!-- This site is optimized with the Yoast SEO plugin v27.0 - https:\/\/yoast.com\/product\/yoast-seo-wordpress\/ -->\n<title>Impressum - Ansprechpartner zum Abenteuerspiel KryptoKids<\/title>\n<meta name=\"description\" content=\"Betreiber und Kontakt zum Abenteuerspiel KryptoKids: Fachstelle f\u00fcr Jugendmedienkultur NRW, Weinsbergstra\u00dfe 190 in 50825 K\u00f6ln. Tel.: 0221 \/ 677 741 920.\" \/>\n<meta name=\"robots\" content=\"index, follow, max-snippet:-1, max-image-preview:large, max-video-preview:-1\" \/>\n<link rel=\"canonical\" href=\"https:\/\/krypto-kids.de\/fr\/impressum\/\" \/>\n<meta property=\"og:locale\" content=\"fr_FR\" \/>\n<meta property=\"og:type\" content=\"article\" \/>\n<meta property=\"og:title\" content=\"Impressum - Ansprechpartner zum Abenteuerspiel KryptoKids\" \/>\n<meta property=\"og:description\" content=\"Betreiber und Kontakt zum Abenteuerspiel KryptoKids: Fachstelle f\u00fcr Jugendmedienkultur NRW, Weinsbergstra\u00dfe 190 in 50825 K\u00f6ln. Tel.: 0221 \/ 677 741 920.\" \/>\n<meta property=\"og:url\" content=\"https:\/\/krypto-kids.de\/fr\/impressum\/\" \/>\n<meta property=\"og:site_name\" content=\"Krypto Kids\" \/>\n<meta property=\"article:modified_time\" content=\"2021-05-14T14:47:01+00:00\" \/>\n<meta name=\"twitter:card\" content=\"summary_large_image\" \/>\n<script type=\"application\/ld+json\" class=\"yoast-schema-graph\">{\"@context\":\"https:\/\/schema.org\",\"@graph\":[{\"@type\":\"WebPage\",\"@id\":\"https:\/\/krypto-kids.de\/fr\/impressum\/\",\"url\":\"https:\/\/krypto-kids.de\/fr\/impressum\/\",\"name\":\"Impressum - Ansprechpartner zum Abenteuerspiel KryptoKids\",\"isPartOf\":{\"@id\":\"https:\/\/krypto-kids.de\/#website\"},\"datePublished\":\"2020-02-17T21:46:55+00:00\",\"dateModified\":\"2021-05-14T14:47:01+00:00\",\"description\":\"Betreiber und Kontakt zum Abenteuerspiel KryptoKids: Fachstelle f\u00fcr Jugendmedienkultur NRW, Weinsbergstra\u00dfe 190 in 50825 K\u00f6ln. Tel.: 0221 \/ 677 741 920.\",\"breadcrumb\":{\"@id\":\"https:\/\/krypto-kids.de\/fr\/impressum\/#breadcrumb\"},\"inLanguage\":\"fr-FR\",\"potentialAction\":[{\"@type\":\"ReadAction\",\"target\":[\"https:\/\/krypto-kids.de\/fr\/impressum\/\"]}]},{\"@type\":\"BreadcrumbList\",\"@id\":\"https:\/\/krypto-kids.de\/fr\/impressum\/#breadcrumb\",\"itemListElement\":[{\"@type\":\"ListItem\",\"position\":1,\"name\":\"Startseite\",\"item\":\"https:\/\/krypto-kids.de\/\"},{\"@type\":\"ListItem\",\"position\":2,\"name\":\"Impressum\"}]},{\"@type\":\"WebSite\",\"@id\":\"https:\/\/krypto-kids.de\/#website\",\"url\":\"https:\/\/krypto-kids.de\/\",\"name\":\"Krypto Kids\",\"description\":\"Abenteuerspiele f\u00fcr den p\u00e4dagogischen Kontext zu den Themen Datensicherheit und Demokratiebildung\",\"potentialAction\":[{\"@type\":\"SearchAction\",\"target\":{\"@type\":\"EntryPoint\",\"urlTemplate\":\"https:\/\/krypto-kids.de\/?s={search_term_string}\"},\"query-input\":{\"@type\":\"PropertyValueSpecification\",\"valueRequired\":true,\"valueName\":\"search_term_string\"}}],\"inLanguage\":\"fr-FR\"}]}<\/script>\n<!-- \/ Yoast SEO plugin. -->","yoast_head_json":{"title":"Impressum - Ansprechpartner zum Abenteuerspiel KryptoKids","description":"Betreiber und Kontakt zum Abenteuerspiel KryptoKids: Fachstelle f\u00fcr Jugendmedienkultur NRW, Weinsbergstra\u00dfe 190 in 50825 K\u00f6ln. Tel.: 0221 \/ 677 741 920.","robots":{"index":"index","follow":"follow","max-snippet":"max-snippet:-1","max-image-preview":"max-image-preview:large","max-video-preview":"max-video-preview:-1"},"canonical":"https:\/\/krypto-kids.de\/fr\/impressum\/","og_locale":"fr_FR","og_type":"article","og_title":"Impressum - Ansprechpartner zum Abenteuerspiel KryptoKids","og_description":"Betreiber und Kontakt zum Abenteuerspiel KryptoKids: Fachstelle f\u00fcr Jugendmedienkultur NRW, Weinsbergstra\u00dfe 190 in 50825 K\u00f6ln. Tel.: 0221 \/ 677 741 920.","og_url":"https:\/\/krypto-kids.de\/fr\/impressum\/","og_site_name":"Krypto Kids","article_modified_time":"2021-05-14T14:47:01+00:00","twitter_card":"summary_large_image","schema":{"@context":"https:\/\/schema.org","@graph":[{"@type":"WebPage","@id":"https:\/\/krypto-kids.de\/fr\/impressum\/","url":"https:\/\/krypto-kids.de\/fr\/impressum\/","name":"Impressum - Ansprechpartner zum Abenteuerspiel KryptoKids","isPartOf":{"@id":"https:\/\/krypto-kids.de\/#website"},"datePublished":"2020-02-17T21:46:55+00:00","dateModified":"2021-05-14T14:47:01+00:00","description":"Betreiber und Kontakt zum Abenteuerspiel KryptoKids: Fachstelle f\u00fcr Jugendmedienkultur NRW, Weinsbergstra\u00dfe 190 in 50825 K\u00f6ln. Tel.: 0221 \/ 677 741 920.","breadcrumb":{"@id":"https:\/\/krypto-kids.de\/fr\/impressum\/#breadcrumb"},"inLanguage":"fr-FR","potentialAction":[{"@type":"ReadAction","target":["https:\/\/krypto-kids.de\/fr\/impressum\/"]}]},{"@type":"BreadcrumbList","@id":"https:\/\/krypto-kids.de\/fr\/impressum\/#breadcrumb","itemListElement":[{"@type":"ListItem","position":1,"name":"Startseite","item":"https:\/\/krypto-kids.de\/"},{"@type":"ListItem","position":2,"name":"Impressum"}]},{"@type":"WebSite","@id":"https:\/\/krypto-kids.de\/#website","url":"https:\/\/krypto-kids.de\/","name":"Krypto Kids","description":"Abenteuerspiele f\u00fcr den p\u00e4dagogischen Kontext zu den Themen Datensicherheit und Demokratiebildung","potentialAction":[{"@type":"SearchAction","target":{"@type":"EntryPoint","urlTemplate":"https:\/\/krypto-kids.de\/?s={search_term_string}"},"query-input":{"@type":"PropertyValueSpecification","valueRequired":true,"valueName":"search_term_string"}}],"inLanguage":"fr-FR"}]}},"_links":{"self":[{"href":"https:\/\/krypto-kids.de\/fr\/wp-json\/wp\/v2\/pages\/868","targetHints":{"allow":["GET"]}}],"collection":[{"href":"https:\/\/krypto-kids.de\/fr\/wp-json\/wp\/v2\/pages"}],"about":[{"href":"https:\/\/krypto-kids.de\/fr\/wp-json\/wp\/v2\/types\/page"}],"author":[{"embeddable":true,"href":"https:\/\/krypto-kids.de\/fr\/wp-json\/wp\/v2\/users\/7"}],"replies":[{"embeddable":true,"href":"https:\/\/krypto-kids.de\/fr\/wp-json\/wp\/v2\/comments?post=868"}],"version-history":[{"count":0,"href":"https:\/\/krypto-kids.de\/fr\/wp-json\/wp\/v2\/pages\/868\/revisions"}],"wp:attachment":[{"href":"https:\/\/krypto-kids.de\/fr\/wp-json\/wp\/v2\/media?parent=868"}],"curies":[{"name":"wp","href":"https:\/\/api.w.org\/{rel}","templated":true}]}}