{"id":893,"date":"2021-05-14T14:27:09","date_gmt":"2021-05-14T14:27:09","guid":{"rendered":"https:\/\/www.krypto-kids.de\/?page_id=893"},"modified":"2022-02-14T08:29:52","modified_gmt":"2022-02-14T08:29:52","slug":"la-mise-en-oeuvre","status":"publish","type":"page","link":"https:\/\/krypto-kids.de\/fr\/la-mise-en-oeuvre\/","title":{"rendered":"La mise en \u0153uvre"},"content":{"rendered":"\n\n\n<div class=\"moduleHeader contentBlock kleineVersion\">\n\n        <div class=\"container h-100\">\n        <div class=\"row align-items-center h-100 \">\n            <div class=\"col-12 col-sm-7 col-md-5\">\n                <h1>La mise en \u0153uvre<\/h1>\n                <h2 class=\" \"><\/h2>\n\n                            <\/div>\n\n\n                            <div class=\"col-12 col-sm-5 col-md-5 offset-md-1 text-center h-100 d-none d-sm-block\">\n\n                    <div class=\"row align-content-end h-100\">\n                        <div class=\"col-12\">\n                            <img decoding=\"async\" data-src=\"https:\/\/krypto-kids.de\/wp-content\/uploads\/2020\/02\/homeHeader-1-900x690.png\" src=\"\" class=\"lazy img-fluid\"\/>\n\n                        <\/div>\n                    <\/div>\n\n\n                <\/div>\n\n            \n        <\/div>\n    <\/div>\n<\/div>\n<\/div>\n\n\n\n\n\n<div class=\"moduleSliderText contentBlock\n\n\npt-9 pt-md-10 pt-lg-11 pb-9  pb-md-11 pb-lg-12  bg-white \n\" id=\"block_5e4c278cca7c3\" data-appear-top-offset=\"300\"\n\n    \n>\n\n\n\n\n<div class=\"container\">\n\n    <div class=\"row align-items-center\">\n\n        <div class=\" order-2 col-12\">\n\n\n            <div class=\"owl-carousel breite-12 hideRahmen\" data-elemente=\"2\">\n                                    <div>\n                        <img class=\"owl-lazy\" data-src=\"https:\/\/krypto-kids.de\/wp-content\/uploads\/2020\/03\/MG_4230.jpg\" alt=\"\">\n                    <\/div>\n                                    <div>\n                        <img class=\"owl-lazy\" data-src=\"https:\/\/krypto-kids.de\/wp-content\/uploads\/2020\/03\/MG_4669.jpg\" alt=\"\">\n                    <\/div>\n                                    <div>\n                        <img class=\"owl-lazy\" data-src=\"https:\/\/krypto-kids.de\/wp-content\/uploads\/2020\/03\/MG_4378-scaled.jpg\" alt=\"\">\n                    <\/div>\n                                    <div>\n                        <img class=\"owl-lazy\" data-src=\"https:\/\/krypto-kids.de\/wp-content\/uploads\/2020\/03\/MG_4246.jpg\" alt=\"\">\n                    <\/div>\n                                    <div>\n                        <img class=\"owl-lazy\" data-src=\"https:\/\/krypto-kids.de\/wp-content\/uploads\/2020\/03\/MG_4580.jpg\" alt=\"\">\n                    <\/div>\n                                    <div>\n                        <img class=\"owl-lazy\" data-src=\"https:\/\/krypto-kids.de\/wp-content\/uploads\/2020\/03\/MG_4233.jpg\" alt=\"\">\n                    <\/div>\n                                    <div>\n                        <img class=\"owl-lazy\" data-src=\"https:\/\/krypto-kids.de\/wp-content\/uploads\/2020\/03\/MG_5279crop.jpg\" alt=\"\">\n                    <\/div>\n                            <\/div>\n        <\/div>\n        <div class=\"col-12 col-md-9 mb-8\">\n            <h4>Mat\u00e9riel compl\u00e9mentaire<\/h4>\n            <h3>Combinaison d\u2019\u00e9l\u00e9ments de jeu num\u00e9riques et analogiques<\/h3>\n            <p>L\u2019application KryptoKids est au centre du jeu d\u2019aventure. Elle se charge de transmettre le sujet complexe d&#8217;une mani\u00e8re appropri\u00e9e au groupe cible et de sensibiliser les participant\u00b7e\u00b7s. Du mat\u00e9riel suppl\u00e9mentaire est n\u00e9cessaire pour la mise en \u0153uvre du jeu. Il peut \u00eatre t\u00e9l\u00e9charg\u00e9 et imprim\u00e9 gratuitement. Toutes les informations sur la mise en \u0153uvre et l\u2019encadrement p\u00e9dagogique du jeu se trouvent dans le guide.<\/p>\n<p><strong>Codes requis<br \/>\n<\/strong>Remettre le score \u00e0 z\u00e9ro : 4242<br \/>\nD\u00e9verrouiller le chapitre 2 : 0002<br \/>\nD\u00e9verrouiller le chapitre 3 : 0003<\/p>\n        <\/div>\n    <\/div>\n\n<\/div>\n\n\n\n\n<script type=\"text\/javascript\">\n\n\n\n    if(typeof(window.acf)  !== \"undefined\") {\n        jQuery('#block_5e4c278cca7c3 .owl-carousel').owlCarousel({\n            items: 2,\n            autoplay: false,\n            autoplayTimeout: 5000,\n            loop: true,\n            lazyLoad: true,\n            dots: true,\n            nav: true,\n            margin: 20,\n            lazyLoadEager: 1,\n            slideBy: 1,\n            smartSpeed: 500,\n            navText: ['\\n' +\n            '<!-- Generated by IcoMoon.io -->\\n' +\n            '<svg version=\"1.1\" xmlns=\"http:\/\/www.w3.org\/2000\/svg\" width=\"652\" height=\"1024\" viewBox=\"0 0 652 1024\">\\n' +\n            '<title><\/title>\\n' +\n            '<g id=\"icomoon-ignore\">\\n' +\n            '<\/g>\\n' +\n            '<path d=\"M535.273 982.109l-493.382-493.382 493.382-493.382 97.745 102.4-395.636 390.982 395.636 395.636z\"><\/path>\\n' +\n            '<\/svg>\\n', '<svg version=\"1.1\" xmlns=\"http:\/\/www.w3.org\/2000\/svg\" width=\"652\" height=\"1024\" viewBox=\"0 0 652 1024\">\\n' +\n            '<title><\/title>\\n' +\n            '<g id=\"icomoon-ignore\">\\n' +\n            '<\/g>\\n' +\n            '<path d=\"M116.727 982.109l493.382-493.382-493.382-493.382-97.745 102.4 395.636 390.982-395.636 395.636z\"><\/path>\\n' +\n            '<\/svg>'],\n            autoplayHoverPause: true,\n            responsive : {\n                \/\/ breakpoint from 0 up\n                0 : {\n                    items : 1,\n                    margin : 0,\n                    slideBy:1,\n                    dots:true,\n                    nav:true\n                },\n                768 : {\n                    items : 2,\n                    margin : 20,\n                    slideBy: 1\n                }\n            },\n        });\n\n\n        jQuery('#block_5e4c278cca7c3').addClass(\"appeared\");\n\n    }\n\n\n\n<\/script><\/div>\n\n\n\n\n\n<div class=\"moduleBanner contentBlock\n\n\npt-9 pt-md-10 pt-lg-11 pb-9  pb-md-11 pb-lg-12  bg-green \n\" id=\"block_5e4c288cf0302\" data-appear-top-offset=\"300\"\n\n    \n>\n\n\n\n\n<div class=\"container\">\n\n    <div class=\"row align-items-center\">\n\n        <div class=\"col-12 col-md-7\">\n            <h4>Mat\u00e9riel compl\u00e9mentaire<\/h4>\n            <h3>Sur notre site internet, t\u00e9l\u00e9chargez le mat\u00e9riel gratuit. Il suffit de l&#8217;imprimer, de le pr\u00e9parer et de commencer \u00e0 jouer.<\/h3>\n                        <p>\n                <a class=\"cta\" href=\"https:\/\/krypto-kids.ch\/fr\/telechargements\/\" target=\"\">En savoir plus<\/a>\n            <\/p>\n        <\/div>\n\n\n            <div class=\"col-12 col-md-5\">\n                <div class=\"row align-content-end h-100\">\n                    <div class=\"col-12 col-sm-8 offset-sm-2 col-md-12 offset-md-0 text-right d-none d-sm-block\">\n                        <div class=\"sprechblase\">\n                            <div class=\"text text-left\" style=\"\">\n                                <p>Conseil : faites participer votre groupe de mani\u00e8re ludique \u00e0 la pr\u00e9paration du mat\u00e9riel compl\u00e9mentaire.<\/p>\n                            <\/div>\n                            <img decoding=\"async\" data-src=\"https:\/\/krypto-kids.de\/wp-content\/uploads\/2020\/02\/ergaenzendesMaterial.png\" src=\"\" class=\"img-fluid\"\/>\n                        <\/div>\n                    <\/div>\n                <\/div>\n            <\/div>\n\n\n\n    <\/div>\n\n<\/div>\n<\/div>\n\n\n\n\n\n<div class=\"moduleModelle contentBlock\n\n\npt-9 pt-md-10 pt-lg-11 pb-9  pb-md-11 pb-lg-12  bg-white \n\" id=\"block_5e4a975726241\" data-appear-top-offset=\"300\"\n\n    \n>\n\n\n\n\n<div class=\"container\">\n\n    <div class=\"row align-items-center\">\n\n        <div class=\"col-12\">\n            <h4>Diff\u00e9rents mod\u00e8les pour jouer \u00e0 KryptoKids<\/h4>\n            <h3 class=\"mb-7\">Voici comment obtenir le mat\u00e9riel de jeu compl\u00e9mentaire<\/h3>\n        <\/div>\n\n    <\/div>\n\n\n    <div class=\"row\">\n\n                    <div class=\"col-12 col-md-4\">\n                <div class=\"modellItem h-100 mb-4\">\n                    <h5>T\u00e9l\u00e9charger gratuitement le mat\u00e9riel KryptoKids<\/h5>\n                    <ul>\n<li>Installez l&#8217;application KryptoKids sur vos propres tablettes<\/li>\n<li>T\u00e9l\u00e9chargez gratuitement les documents sur notre site internet et imprimez-les vous-m\u00eame.<\/li>\n<li>Certains documents imprim\u00e9s doivent \u00eatre d\u00e9coup\u00e9s et assembl\u00e9s (en option, les participant\u00b7e\u00b7s peuvent vous aider \u00e0 pr\u00e9parer le jeu).<\/li>\n<li>Jetez un coup d\u2019\u0153il attentif au mat\u00e9riel et, le cas \u00e9ch\u00e9ant, jouez vous-m\u00eame avec l&#8217;application KryptoKids pour vous pr\u00e9parer.<\/li>\n<li>D\u00e9butez de mani\u00e8re ind\u00e9pendante la mise en \u0153uvre du projet KryptoKids dans votre groupe.<\/li>\n<li>Vous pouvez acheter ici un pack de mat\u00e9riel pour faire la promotion de KryptoKids, qui contient des badges, autocollants, etc.<\/li>\n<li><a href=\"https:\/\/krypto-kids.ch\/fr\/kryptofox\/\">Conseils pour prot\u00e9ger tes donn\u00e9es sans stress.<\/a><\/li>\n<li><\/li>\n<\/ul>\n                    <div class=\"kosten\">\n                        <span class=\"titel\">Co\u00fbt :<\/span>\n                        <span class=\"wert\">gratuit !<\/span>\n                        \n                    <\/div>\n                <\/div>\n                <p class=\"mb-7\">\n                    <a href=\"https:\/\/krypto-kids.ch\/fr\/telechargements\/\" target=\"\" class=\"cta d-block\">T\u00e9l\u00e9charger le mat\u00e9riel <\/a>\n                <\/p>\n            <\/div>\n                    <div class=\"col-12 col-md-4\">\n                <div class=\"modellItem h-100 mb-4\">\n                    <h5>Emprunter la mallette KryptoKids comprenant des tablettes et du mat\u00e9riel<\/h5>\n                    <ul>\n<li>Commandez la mallette KryptoKids en pr\u00eat temporaire sur notre site internet \u2013 elle contient plusieurs tablettes et le mat\u00e9riel compl\u00e9mentaire pour la mise en \u0153uvre.<\/li>\n<li>Il n&#8217;est pas n\u00e9cessaire de pr\u00e9parer vous-m\u00eame les documents suppl\u00e9mentaires.<\/li>\n<li>Jetez un coup d\u2019\u0153il attentif au mat\u00e9riel et, le cas \u00e9ch\u00e9ant, jouez avec l&#8217;application KryptoKids pour vous pr\u00e9parer.<\/li>\n<li>D\u00e9butez directement la mise en \u0153uvre ind\u00e9pendante du projet KryptoKids.<\/li>\n<li>Inclut un pack de mat\u00e9riel pour faire la promotion de KryptoKids : notamment badges, autocollants d\u00e9coratifs et autocollants pour masquer une webcam.<\/li>\n<\/ul>\n                    <div class=\"kosten\">\n                        <span class=\"titel\">Co\u00fbt :<\/span>\n                        <span class=\"wert\">\u20ac 150.\u2013 \/ CHF 200.\u2013<\/span>\n                        \n                    <\/div>\n                <\/div>\n                <p class=\"mb-7\">\n                    <a href=\"https:\/\/krypto-kids.ch\/fr\/mallette-kryptokids\/\" target=\"\" class=\"cta d-block\">Emprunter la mallette CryptoKids<\/a>\n                <\/p>\n            <\/div>\n                    <div class=\"col-12 col-md-4\">\n                <div class=\"modellItem h-100 mb-4\">\n                    <h5>R\u00e9servez les services d\u2019un\u00b7e sp\u00e9cialiste de l&#8217;\u00e9ducation aux m\u00e9dias<\/h5>\n                    <ul>\n<li>R\u00e9servez sur le site internet les services d\u2019un\u00b7e sp\u00e9cialiste de l&#8217;\u00e9ducation aux m\u00e9dias et fixez un rendez-vous individuel.<\/li>\n<li>Le ou la sp\u00e9cialiste se rend dans votre \u00e9tablissement au moment convenu et apporte la mallette KryptoKidsavec les tablettes et tout le mat\u00e9riel n\u00e9cessaire.<\/li>\n<li>Mise en \u0153uvre du projet KryptoKids dans votre groupe sous la direction du sp\u00e9cialiste.<\/li>\n<li>Aucune autre pr\u00e9paration n&#8217;est n\u00e9cessaire<\/li>\n<li>Inclut un pack de mat\u00e9riel pour faire la promotion de KryptoKids: notamment badges, autocollants d\u00e9coratifs et autocollants pour masquer une webcam.<\/li>\n<\/ul>\n                    <div class=\"kosten\">\n                        <span class=\"titel\">Co\u00fbt :<\/span>\n                        <span class=\"wert\">\u20ac 800.\u2013 \/ CHF 500.\u2013<\/span>\n                                                    <span class=\"zusatz\">(plus frais de voyage)<\/span>\n\n\n                        \n                    <\/div>\n                <\/div>\n                <p class=\"mb-7\">\n                    <a href=\"https:\/\/krypto-kids.ch\/fr\/specialiste-en-education-aux-medias\/\" target=\"\" class=\"cta d-block\">R\u00e9server les services d\u2019un\u00b7e sp\u00e9cialiste<\/a>\n                <\/p>\n            <\/div>\n        \n\n    <\/div>\n\n<\/div>\n<\/div>\n\n\n    <div class=\"container  mb-0 mt-0 \">\n        <div class=\"row\">\n            <div class=\"col-12\">\n                <div class=\"contentBlock borderBottom\"><\/div>\n            <\/div>\n        <\/div>\n    <\/div>\n\n","protected":false},"excerpt":{"rendered":"","protected":false},"author":5,"featured_media":0,"parent":0,"menu_order":0,"comment_status":"closed","ping_status":"closed","template":"","meta":{"_acf_changed":false,"footnotes":""},"class_list":["post-893","page","type-page","status-publish","hentry"],"acf":[],"yoast_head":"<!-- This site is optimized with the Yoast SEO plugin v27.0 - https:\/\/yoast.com\/product\/yoast-seo-wordpress\/ -->\n<title>La mise en \u0153uvre - Krypto Kids<\/title>\n<meta name=\"robots\" content=\"index, follow, max-snippet:-1, max-image-preview:large, max-video-preview:-1\" \/>\n<link rel=\"canonical\" href=\"https:\/\/krypto-kids.de\/fr\/la-mise-en-oeuvre\/\" \/>\n<meta property=\"og:locale\" content=\"fr_FR\" \/>\n<meta property=\"og:type\" content=\"article\" \/>\n<meta property=\"og:title\" content=\"La mise en \u0153uvre - Krypto Kids\" \/>\n<meta property=\"og:url\" content=\"https:\/\/krypto-kids.de\/fr\/la-mise-en-oeuvre\/\" \/>\n<meta property=\"og:site_name\" content=\"Krypto Kids\" \/>\n<meta property=\"article:modified_time\" content=\"2022-02-14T08:29:52+00:00\" \/>\n<meta name=\"twitter:card\" content=\"summary_large_image\" \/>\n<script type=\"application\/ld+json\" class=\"yoast-schema-graph\">{\"@context\":\"https:\/\/schema.org\",\"@graph\":[{\"@type\":\"WebPage\",\"@id\":\"https:\/\/krypto-kids.de\/fr\/la-mise-en-oeuvre\/\",\"url\":\"https:\/\/krypto-kids.de\/fr\/la-mise-en-oeuvre\/\",\"name\":\"La mise en \u0153uvre - Krypto Kids\",\"isPartOf\":{\"@id\":\"https:\/\/krypto-kids.de\/#website\"},\"datePublished\":\"2021-05-14T14:27:09+00:00\",\"dateModified\":\"2022-02-14T08:29:52+00:00\",\"breadcrumb\":{\"@id\":\"https:\/\/krypto-kids.de\/fr\/la-mise-en-oeuvre\/#breadcrumb\"},\"inLanguage\":\"fr-FR\",\"potentialAction\":[{\"@type\":\"ReadAction\",\"target\":[\"https:\/\/krypto-kids.de\/fr\/la-mise-en-oeuvre\/\"]}]},{\"@type\":\"BreadcrumbList\",\"@id\":\"https:\/\/krypto-kids.de\/fr\/la-mise-en-oeuvre\/#breadcrumb\",\"itemListElement\":[{\"@type\":\"ListItem\",\"position\":1,\"name\":\"Startseite\",\"item\":\"https:\/\/krypto-kids.de\/\"},{\"@type\":\"ListItem\",\"position\":2,\"name\":\"La mise en \u0153uvre\"}]},{\"@type\":\"WebSite\",\"@id\":\"https:\/\/krypto-kids.de\/#website\",\"url\":\"https:\/\/krypto-kids.de\/\",\"name\":\"Krypto Kids\",\"description\":\"Abenteuerspiele f\u00fcr den p\u00e4dagogischen Kontext zu den Themen Datensicherheit und Demokratiebildung\",\"potentialAction\":[{\"@type\":\"SearchAction\",\"target\":{\"@type\":\"EntryPoint\",\"urlTemplate\":\"https:\/\/krypto-kids.de\/?s={search_term_string}\"},\"query-input\":{\"@type\":\"PropertyValueSpecification\",\"valueRequired\":true,\"valueName\":\"search_term_string\"}}],\"inLanguage\":\"fr-FR\"}]}<\/script>\n<!-- \/ Yoast SEO plugin. -->","yoast_head_json":{"title":"La mise en \u0153uvre - Krypto Kids","robots":{"index":"index","follow":"follow","max-snippet":"max-snippet:-1","max-image-preview":"max-image-preview:large","max-video-preview":"max-video-preview:-1"},"canonical":"https:\/\/krypto-kids.de\/fr\/la-mise-en-oeuvre\/","og_locale":"fr_FR","og_type":"article","og_title":"La mise en \u0153uvre - Krypto Kids","og_url":"https:\/\/krypto-kids.de\/fr\/la-mise-en-oeuvre\/","og_site_name":"Krypto Kids","article_modified_time":"2022-02-14T08:29:52+00:00","twitter_card":"summary_large_image","schema":{"@context":"https:\/\/schema.org","@graph":[{"@type":"WebPage","@id":"https:\/\/krypto-kids.de\/fr\/la-mise-en-oeuvre\/","url":"https:\/\/krypto-kids.de\/fr\/la-mise-en-oeuvre\/","name":"La mise en \u0153uvre - Krypto Kids","isPartOf":{"@id":"https:\/\/krypto-kids.de\/#website"},"datePublished":"2021-05-14T14:27:09+00:00","dateModified":"2022-02-14T08:29:52+00:00","breadcrumb":{"@id":"https:\/\/krypto-kids.de\/fr\/la-mise-en-oeuvre\/#breadcrumb"},"inLanguage":"fr-FR","potentialAction":[{"@type":"ReadAction","target":["https:\/\/krypto-kids.de\/fr\/la-mise-en-oeuvre\/"]}]},{"@type":"BreadcrumbList","@id":"https:\/\/krypto-kids.de\/fr\/la-mise-en-oeuvre\/#breadcrumb","itemListElement":[{"@type":"ListItem","position":1,"name":"Startseite","item":"https:\/\/krypto-kids.de\/"},{"@type":"ListItem","position":2,"name":"La mise en \u0153uvre"}]},{"@type":"WebSite","@id":"https:\/\/krypto-kids.de\/#website","url":"https:\/\/krypto-kids.de\/","name":"Krypto Kids","description":"Abenteuerspiele f\u00fcr den p\u00e4dagogischen Kontext zu den Themen Datensicherheit und Demokratiebildung","potentialAction":[{"@type":"SearchAction","target":{"@type":"EntryPoint","urlTemplate":"https:\/\/krypto-kids.de\/?s={search_term_string}"},"query-input":{"@type":"PropertyValueSpecification","valueRequired":true,"valueName":"search_term_string"}}],"inLanguage":"fr-FR"}]}},"_links":{"self":[{"href":"https:\/\/krypto-kids.de\/fr\/wp-json\/wp\/v2\/pages\/893","targetHints":{"allow":["GET"]}}],"collection":[{"href":"https:\/\/krypto-kids.de\/fr\/wp-json\/wp\/v2\/pages"}],"about":[{"href":"https:\/\/krypto-kids.de\/fr\/wp-json\/wp\/v2\/types\/page"}],"author":[{"embeddable":true,"href":"https:\/\/krypto-kids.de\/fr\/wp-json\/wp\/v2\/users\/5"}],"replies":[{"embeddable":true,"href":"https:\/\/krypto-kids.de\/fr\/wp-json\/wp\/v2\/comments?post=893"}],"version-history":[{"count":0,"href":"https:\/\/krypto-kids.de\/fr\/wp-json\/wp\/v2\/pages\/893\/revisions"}],"wp:attachment":[{"href":"https:\/\/krypto-kids.de\/fr\/wp-json\/wp\/v2\/media?parent=893"}],"curies":[{"name":"wp","href":"https:\/\/api.w.org\/{rel}","templated":true}]}}