{"id":917,"date":"2021-05-14T14:40:28","date_gmt":"2021-05-14T14:40:28","guid":{"rendered":"https:\/\/www.krypto-kids.de\/?page_id=917"},"modified":"2021-10-04T09:54:00","modified_gmt":"2021-10-04T09:54:00","slug":"telechargements","status":"publish","type":"page","link":"https:\/\/krypto-kids.de\/fr\/telechargements\/","title":{"rendered":"T\u00e9l\u00e9chargements"},"content":{"rendered":"\n\n\n<div class=\"moduleHeader contentBlock kleineVersion\">\n\n        <div class=\"container h-100\">\n        <div class=\"row align-items-center h-100 \">\n            <div class=\"col-12 col-sm-7 col-md-5\">\n                <h1>T\u00e9l\u00e9chargements<\/h1>\n                <h2 class=\" \"><\/h2>\n\n                            <\/div>\n\n\n                            <div class=\"col-12 col-sm-5 col-md-5 offset-md-1 text-center h-100 d-none d-sm-block\">\n\n                    <div class=\"row align-content-end h-100\">\n                        <div class=\"col-12\">\n                            <img decoding=\"async\" data-src=\"https:\/\/krypto-kids.de\/wp-content\/uploads\/2020\/02\/dieKryptoKids-900x690.png\" src=\"\" class=\"lazy img-fluid\"\/>\n\n                        <\/div>\n                    <\/div>\n\n\n                <\/div>\n\n            \n        <\/div>\n    <\/div>\n<\/div>\n<\/div>\n\n\n\n\n\n<div class=\"moduleBildText contentBlock\n\n\npt-9 pt-md-10 pt-lg-11 pb-7 pb-md-11 bg-white \n\" id=\"block_5e4e5346d50b5\" data-appear-top-offset=\"300\"\n\n    \n>\n\n\n\n\n<div class=\"container\">\n\n    <div class=\"row align-items-center\">\n\n        <div class=\"col-12 col-sm-9 col-md-9 col-lg-8\">\n            <div class=\"pr-5\">\n                <h4>T\u00e9l\u00e9charger et imprimer<\/h4>\n                <h3>Guide KryptoKids et mat\u00e9riel<\/h3>\n                <p><strong>Codes<\/strong><\/p>\n<p><span style=\"font-weight: 400;\">Remettre le score \u00e0 z\u00e9ro\u00a0: 4242<br \/>\n<\/span><span style=\"font-weight: 400;\">D\u00e9verrouiller le chapitre 2\u00a0: 0002<br \/>\n<\/span><span style=\"font-weight: 400;\">D\u00e9verrouiller le chapitre 3\u00a0: 0003<\/span><\/p>\n            <\/div>\n\n\n        <\/div>\n\n    <\/div>\n\n<\/div>\n<\/div>\n\n\n\n\n\n<div class=\"moduleBildText contentBlock\n\n\n bg-white \n\" id=\"block_5e70c7f7e4719\" data-appear-top-offset=\"300\"\n\n    \n>\n\n\n\n\n<div class=\"container\">\n\n    <div class=\"row align-items-center\">\n\n        <div class=\"col-12 col-sm-9 col-md-9 col-lg-8\">\n            <div class=\"pr-5\">\n                <h4>Dossiers pour la mise en \u0153uvre<\/h4>\n                <h3><\/h3>\n                            <\/div>\n\n\n        <\/div>\n\n    <\/div>\n\n<\/div>\n<\/div>\n\n\n\n\n\n<div class=\"moduleDownloads contentBlock\n\n\n bg-white \n\" id=\"block_5e4e570e0ca75\" data-appear-top-offset=\"300\"\n\n    \n>\n\n\n<div class=\"container\">\n            <div class=\"row\">\n            <div class=\"col-12 col-md-10\">\n                <a class=\"downloadItem highlight\" href=\"https:\/\/krypto-kids.de\/wp-content\/uploads\/2021\/08\/20210813_KryptoKids_Guide.pdf\" target=\"_blank\" download>\n                    <p class=\"mb-0\">Guide de d\u00e9marrage<span class=\"zusatz\">(PDF &#8211; 14 MB)<\/span><\/p>\n                <\/a>\n            <\/div>\n\n        <\/div>\n\n            <div class=\"row\">\n            <div class=\"col-12 col-md-10\">\n                <a class=\"downloadItem \" href=\"https:\/\/krypto-kids.de\/wp-content\/uploads\/2021\/08\/KryptoKids_guide_de_de\u0301marrage_rapide.pdf\" target=\"_blank\" download>\n                    <p class=\"mb-0\">Guide de d\u00e9marrage rapide<span class=\"zusatz\">(PDF &#8211; 4.7 MB)<\/span><\/p>\n                <\/a>\n            <\/div>\n\n        <\/div>\n\n            <div class=\"row\">\n            <div class=\"col-12 col-md-10\">\n                <a class=\"downloadItem \" href=\"https:\/\/krypto-kids.de\/wp-content\/uploads\/2021\/10\/Quiz_FR_Web.pdf\" target=\"_blank\" download>\n                    <p class=\"mb-0\">Cartes de quiz<span class=\"zusatz\">(PDF &#8211; 17 MB)<\/span><\/p>\n                <\/a>\n            <\/div>\n\n        <\/div>\n\n            <div class=\"row\">\n            <div class=\"col-12 col-md-10\">\n                <a class=\"downloadItem \" href=\"https:\/\/krypto-kids.de\/wp-content\/uploads\/2021\/07\/Cadran-de-Cesar_PrintAtHome.pdf\" target=\"_blank\" download>\n                    <p class=\"mb-0\">Cadran de C\u00e9sar<span class=\"zusatz\">(PDF &#8211; 111 KB)<\/span><\/p>\n                <\/a>\n            <\/div>\n\n        <\/div>\n\n            <div class=\"row\">\n            <div class=\"col-12 col-md-10\">\n                <a class=\"downloadItem \" href=\"https:\/\/krypto-kids.de\/wp-content\/uploads\/2020\/03\/Ordnermarker.pdf\" target=\"_blank\" download>\n                    <p class=\"mb-0\">Marqueurs de r\u00e9alit\u00e9 augment\u00e9e<span class=\"zusatz\">(PDF &#8211; 148 KB)<\/span><\/p>\n                <\/a>\n            <\/div>\n\n        <\/div>\n\n            <div class=\"row\">\n            <div class=\"col-12 col-md-10\">\n                <a class=\"downloadItem \" href=\"https:\/\/krypto-kids.de\/wp-content\/uploads\/2021\/08\/Badge.pdf\" target=\"_blank\" download>\n                    <p class=\"mb-0\">Badge<span class=\"zusatz\">(PDF &#8211; 138KB)<\/span><\/p>\n                <\/a>\n            <\/div>\n\n        <\/div>\n\n            <div class=\"row\">\n            <div class=\"col-12 col-md-10\">\n                <a class=\"downloadItem \" href=\"https:\/\/krypto-kids.de\/wp-content\/uploads\/2021\/08\/certificat_f.pdf\" target=\"_blank\" download>\n                    <p class=\"mb-0\">Certificat de participation<span class=\"zusatz\">(PDF &#8211; 0.5MB)<\/span><\/p>\n                <\/a>\n            <\/div>\n\n        <\/div>\n\n            <div class=\"row\">\n            <div class=\"col-12 col-md-10\">\n                <a class=\"downloadItem \" href=\"https:\/\/krypto-kids.de\/wp-content\/uploads\/2021\/08\/KryptoKids_Guide_de_de\u0301marrage_rapide_CH_FR.pdf\" target=\"_blank\" download>\n                    <p class=\"mb-0\">Guide de d\u00e9marrage rapide<span class=\"zusatz\">(PDF- 4MB)<\/span><\/p>\n                <\/a>\n            <\/div>\n\n        <\/div>\n\n    <\/div><\/div>\n\n\n\n\n\n<div class=\"moduleBildText contentBlock\n\n\n pt-7 pt-md-11 bg-white \n\" id=\"block_5e70c79b23495\" data-appear-top-offset=\"300\"\n\n    \n>\n\n\n\n\n<div class=\"container\">\n\n    <div class=\"row align-items-center\">\n\n        <div class=\"col-12 col-sm-9 col-md-9 col-lg-8\">\n            <div class=\"pr-5\">\n                <h4>Documents de promotion<\/h4>\n                <h3><\/h3>\n                            <\/div>\n\n\n        <\/div>\n\n    <\/div>\n\n<\/div>\n<\/div>\n\n\n\n\n\n<div class=\"moduleDownloads contentBlock\n\n\n bg-white \n\" id=\"block_5e70c41992404\" data-appear-top-offset=\"300\"\n\n    \n>\n\n\n<div class=\"container\">\n            <div class=\"row\">\n            <div class=\"col-12 col-md-10\">\n                <a class=\"downloadItem \" href=\"https:\/\/krypto-kids.de\/wp-content\/uploads\/2021\/08\/kryptokids_flyer_ch_screen_f.pdf\" target=\"_blank\" download>\n                    <p class=\"mb-0\">Prospectus<span class=\"zusatz\">(PDF &#8211; 3MB)<\/span><\/p>\n                <\/a>\n            <\/div>\n\n        <\/div>\n\n            <div class=\"row\">\n            <div class=\"col-12 col-md-10\">\n                <a class=\"downloadItem \" href=\"https:\/\/krypto-kids.de\/wp-content\/uploads\/2021\/08\/kryptokids_plakat_ch_screen_f.pdf\" target=\"_blank\" download>\n                    <p class=\"mb-0\">Affiche<span class=\"zusatz\">(PDF &#8211; 4MB)<\/span><\/p>\n                <\/a>\n            <\/div>\n\n        <\/div>\n\n    <\/div><\/div>\n\n\n\n\n<p><\/p>\n","protected":false},"excerpt":{"rendered":"","protected":false},"author":5,"featured_media":0,"parent":0,"menu_order":0,"comment_status":"closed","ping_status":"closed","template":"","meta":{"_acf_changed":false,"footnotes":""},"class_list":["post-917","page","type-page","status-publish","hentry"],"acf":[],"yoast_head":"<!-- This site is optimized with the Yoast SEO plugin v27.0 - https:\/\/yoast.com\/product\/yoast-seo-wordpress\/ -->\n<title>T\u00e9l\u00e9chargements - Krypto Kids<\/title>\n<meta name=\"robots\" content=\"index, follow, max-snippet:-1, max-image-preview:large, max-video-preview:-1\" \/>\n<link rel=\"canonical\" href=\"https:\/\/www.krypto-kids.de\/fr\/telechargements\/\" \/>\n<meta property=\"og:locale\" content=\"fr_FR\" \/>\n<meta property=\"og:type\" content=\"article\" \/>\n<meta property=\"og:title\" content=\"T\u00e9l\u00e9chargements - Krypto Kids\" \/>\n<meta property=\"og:url\" content=\"https:\/\/www.krypto-kids.de\/fr\/telechargements\/\" \/>\n<meta property=\"og:site_name\" content=\"Krypto Kids\" \/>\n<meta property=\"article:modified_time\" content=\"2021-10-04T09:54:00+00:00\" \/>\n<meta name=\"twitter:card\" content=\"summary_large_image\" \/>\n<script type=\"application\/ld+json\" class=\"yoast-schema-graph\">{\"@context\":\"https:\/\/schema.org\",\"@graph\":[{\"@type\":\"WebPage\",\"@id\":\"https:\/\/www.krypto-kids.de\/fr\/telechargements\/\",\"url\":\"https:\/\/www.krypto-kids.de\/fr\/telechargements\/\",\"name\":\"T\u00e9l\u00e9chargements - Krypto Kids\",\"isPartOf\":{\"@id\":\"https:\/\/www.krypto-kids.de\/#website\"},\"datePublished\":\"2021-05-14T14:40:28+00:00\",\"dateModified\":\"2021-10-04T09:54:00+00:00\",\"breadcrumb\":{\"@id\":\"https:\/\/www.krypto-kids.de\/fr\/telechargements\/#breadcrumb\"},\"inLanguage\":\"fr-FR\",\"potentialAction\":[{\"@type\":\"ReadAction\",\"target\":[\"https:\/\/www.krypto-kids.de\/fr\/telechargements\/\"]}]},{\"@type\":\"BreadcrumbList\",\"@id\":\"https:\/\/www.krypto-kids.de\/fr\/telechargements\/#breadcrumb\",\"itemListElement\":[{\"@type\":\"ListItem\",\"position\":1,\"name\":\"Startseite\",\"item\":\"https:\/\/www.krypto-kids.de\/\"},{\"@type\":\"ListItem\",\"position\":2,\"name\":\"T\u00e9l\u00e9chargements\"}]},{\"@type\":\"WebSite\",\"@id\":\"https:\/\/www.krypto-kids.de\/#website\",\"url\":\"https:\/\/www.krypto-kids.de\/\",\"name\":\"Krypto Kids\",\"description\":\"Abenteuerspiele f\u00fcr den p\u00e4dagogischen Kontext zu den Themen Datensicherheit und Demokratiebildung\",\"potentialAction\":[{\"@type\":\"SearchAction\",\"target\":{\"@type\":\"EntryPoint\",\"urlTemplate\":\"https:\/\/www.krypto-kids.de\/?s={search_term_string}\"},\"query-input\":{\"@type\":\"PropertyValueSpecification\",\"valueRequired\":true,\"valueName\":\"search_term_string\"}}],\"inLanguage\":\"fr-FR\"}]}<\/script>\n<!-- \/ Yoast SEO plugin. -->","yoast_head_json":{"title":"T\u00e9l\u00e9chargements - Krypto Kids","robots":{"index":"index","follow":"follow","max-snippet":"max-snippet:-1","max-image-preview":"max-image-preview:large","max-video-preview":"max-video-preview:-1"},"canonical":"https:\/\/www.krypto-kids.de\/fr\/telechargements\/","og_locale":"fr_FR","og_type":"article","og_title":"T\u00e9l\u00e9chargements - Krypto Kids","og_url":"https:\/\/www.krypto-kids.de\/fr\/telechargements\/","og_site_name":"Krypto Kids","article_modified_time":"2021-10-04T09:54:00+00:00","twitter_card":"summary_large_image","schema":{"@context":"https:\/\/schema.org","@graph":[{"@type":"WebPage","@id":"https:\/\/www.krypto-kids.de\/fr\/telechargements\/","url":"https:\/\/www.krypto-kids.de\/fr\/telechargements\/","name":"T\u00e9l\u00e9chargements - Krypto Kids","isPartOf":{"@id":"https:\/\/www.krypto-kids.de\/#website"},"datePublished":"2021-05-14T14:40:28+00:00","dateModified":"2021-10-04T09:54:00+00:00","breadcrumb":{"@id":"https:\/\/www.krypto-kids.de\/fr\/telechargements\/#breadcrumb"},"inLanguage":"fr-FR","potentialAction":[{"@type":"ReadAction","target":["https:\/\/www.krypto-kids.de\/fr\/telechargements\/"]}]},{"@type":"BreadcrumbList","@id":"https:\/\/www.krypto-kids.de\/fr\/telechargements\/#breadcrumb","itemListElement":[{"@type":"ListItem","position":1,"name":"Startseite","item":"https:\/\/www.krypto-kids.de\/"},{"@type":"ListItem","position":2,"name":"T\u00e9l\u00e9chargements"}]},{"@type":"WebSite","@id":"https:\/\/www.krypto-kids.de\/#website","url":"https:\/\/www.krypto-kids.de\/","name":"Krypto Kids","description":"Abenteuerspiele f\u00fcr den p\u00e4dagogischen Kontext zu den Themen Datensicherheit und Demokratiebildung","potentialAction":[{"@type":"SearchAction","target":{"@type":"EntryPoint","urlTemplate":"https:\/\/www.krypto-kids.de\/?s={search_term_string}"},"query-input":{"@type":"PropertyValueSpecification","valueRequired":true,"valueName":"search_term_string"}}],"inLanguage":"fr-FR"}]}},"_links":{"self":[{"href":"https:\/\/krypto-kids.de\/fr\/wp-json\/wp\/v2\/pages\/917","targetHints":{"allow":["GET"]}}],"collection":[{"href":"https:\/\/krypto-kids.de\/fr\/wp-json\/wp\/v2\/pages"}],"about":[{"href":"https:\/\/krypto-kids.de\/fr\/wp-json\/wp\/v2\/types\/page"}],"author":[{"embeddable":true,"href":"https:\/\/krypto-kids.de\/fr\/wp-json\/wp\/v2\/users\/5"}],"replies":[{"embeddable":true,"href":"https:\/\/krypto-kids.de\/fr\/wp-json\/wp\/v2\/comments?post=917"}],"version-history":[{"count":0,"href":"https:\/\/krypto-kids.de\/fr\/wp-json\/wp\/v2\/pages\/917\/revisions"}],"wp:attachment":[{"href":"https:\/\/krypto-kids.de\/fr\/wp-json\/wp\/v2\/media?parent=917"}],"curies":[{"name":"wp","href":"https:\/\/api.w.org\/{rel}","templated":true}]}}